{"id":1064,"date":"2019-10-16T20:43:37","date_gmt":"2019-10-16T20:43:37","guid":{"rendered":"http:\/\/www.boutsdchoux.com\/?page_id=1064"},"modified":"2019-10-16T20:43:37","modified_gmt":"2019-10-16T20:43:37","slug":"services","status":"publish","type":"page","link":"https:\/\/boutsdchoux.com\/eng\/services\/","title":{"rendered":"Services"},"content":{"rendered":"<ul>\n<li>Garderie francophone aux programmes adapt\u00e9s pour enfants de 0 \u00e0 12 ans.<\/li>\n<li>Possibilit\u00e9 d\u2019accueil des enfants scolaris\u00e9s avant et apr\u00e8s la classe.<\/li>\n<li>Notre garderie est ouverte toute l\u2019ann\u00e9e, sauf les deux derni\u00e8res semaines du mois d\u2019ao\u00fbt. Nous sommes ouvertes du lundi \u00e0 vendredi \u00e0 partir de 7:30 (matin) jusqu\u2019\u00e0 18 heures, hors jours f\u00e9ri\u00e9s.<\/li>\n<li>Possibilit\u00e9 d\u2019accueil en temps complet ou temps partiel.<\/li>\n<li>Service journalier de repas chaud le midi et de deux snacks dans la journ\u00e9e.<\/li>\n<li>Sortie hebdomadaire par journ\u00e9e compl\u00e8te en juillet et Aout (Ex., Parc aquatique, biblioth\u00e8que, fermes, cin\u00e9mas, etc\u2026).<\/li>\n<li>Places pour enfants subventionn\u00e9s disponibles.<\/li>\n<\/ul>\n","protected":false},"excerpt":{"rendered":"<p>Garderie francophone aux programmes adapt\u00e9s pour enfants de 0 \u00e0 12 ans. Possibilit\u00e9 d\u2019accueil des enfants scolaris\u00e9s avant et apr\u00e8s la classe. Notre garderie est ouverte toute l\u2019ann\u00e9e, sauf les deux derni\u00e8res semaines du mois d\u2019ao\u00fbt. Nous sommes ouvertes du lundi \u00e0 vendredi \u00e0 partir de 7:30 (matin) jusqu\u2019\u00e0 18 heures, hors jours f\u00e9ri\u00e9s. Possibilit\u00e9 d\u2019accueil en temps complet ou temps partiel. Service journalier<\/p>\n<p><a class=\"cta\" href=\"https:\/\/boutsdchoux.com\/eng\/services\/\">Learn more<\/a><\/p>\n","protected":false},"author":2,"featured_media":0,"parent":0,"menu_order":0,"comment_status":"closed","ping_status":"closed","template":"page-full-width.php","meta":{"nf_dc_page":"","footnotes":""},"class_list":["post-1064","page","type-page","status-publish","hentry"],"jetpack_sharing_enabled":true,"_links":{"self":[{"href":"https:\/\/boutsdchoux.com\/eng\/wp-json\/wp\/v2\/pages\/1064","targetHints":{"allow":["GET"]}}],"collection":[{"href":"https:\/\/boutsdchoux.com\/eng\/wp-json\/wp\/v2\/pages"}],"about":[{"href":"https:\/\/boutsdchoux.com\/eng\/wp-json\/wp\/v2\/types\/page"}],"author":[{"embeddable":true,"href":"https:\/\/boutsdchoux.com\/eng\/wp-json\/wp\/v2\/users\/2"}],"replies":[{"embeddable":true,"href":"https:\/\/boutsdchoux.com\/eng\/wp-json\/wp\/v2\/comments?post=1064"}],"version-history":[{"count":0,"href":"https:\/\/boutsdchoux.com\/eng\/wp-json\/wp\/v2\/pages\/1064\/revisions"}],"wp:attachment":[{"href":"https:\/\/boutsdchoux.com\/eng\/wp-json\/wp\/v2\/media?parent=1064"}],"curies":[{"name":"wp","href":"https:\/\/api.w.org\/{rel}","templated":true}]}}