{"id":1163,"date":"2020-01-29T16:56:51","date_gmt":"2020-01-29T16:56:51","guid":{"rendered":"https:\/\/boutsdchoux.com\/eng\/?page_id=1163"},"modified":"2020-01-29T16:58:38","modified_gmt":"2020-01-29T16:58:38","slug":"registration","status":"publish","type":"page","link":"https:\/\/boutsdchoux.com\/eng\/registration\/","title":{"rendered":"Registration"},"content":{"rendered":"\n<p> <strong>Admission<\/strong><\/p>\n\n\n\n<p>Tous les enfants sont admissibles \u00e0 la Garderie les Bouts d\u2019choux \nind\u00e9pendamment de leur religion, leur race, leur culture, leur sexe et \nleur handicap.<\/p>\n\n\n\n<p>Nous b\u00e9n\u00e9ficions du concours du Centre francophone pour les enfants \u00e0\n besoin sp\u00e9ciaux. Pour ce qui est des inscriptions, nous ne chargeons \naucun frais d\u2019inscription.<\/p>\n\n\n\n<p> Vous pouvez remplir le formulaire d\u2019inscription et l\u2019envoyer \u00e0 la directrice Julie Meta.<\/p>\n\n\n\n<p><a href=\"http:\/\/www.boutsdchoux.com\/wp-content\/uploads\/2020\/01\/FORMULAIRE-DINSCRIPTION-2019-2020-LE-BOUT-DCHOUX.pdf\">Formulaire d&#8217;inscription<\/a><\/p>\n","protected":false},"excerpt":{"rendered":"<p>Admission Tous les enfants sont admissibles \u00e0 la Garderie les Bouts d\u2019choux ind\u00e9pendamment de leur religion, leur race, leur culture, leur sexe et leur handicap. Nous b\u00e9n\u00e9ficions du concours du Centre francophone pour les enfants \u00e0 besoin sp\u00e9ciaux. Pour ce qui est des inscriptions, nous ne chargeons aucun frais d\u2019inscription. Vous pouvez remplir le formulaire d\u2019inscription et l\u2019envoyer \u00e0 la directrice Julie Meta. Formulaire<\/p>\n<p><a class=\"cta\" href=\"https:\/\/boutsdchoux.com\/eng\/registration\/\">Learn more<\/a><\/p>\n","protected":false},"author":1,"featured_media":0,"parent":0,"menu_order":0,"comment_status":"closed","ping_status":"closed","template":"page-full-width.php","meta":{"nf_dc_page":"","footnotes":""},"class_list":["post-1163","page","type-page","status-publish","hentry"],"jetpack_sharing_enabled":true,"_links":{"self":[{"href":"https:\/\/boutsdchoux.com\/eng\/wp-json\/wp\/v2\/pages\/1163","targetHints":{"allow":["GET"]}}],"collection":[{"href":"https:\/\/boutsdchoux.com\/eng\/wp-json\/wp\/v2\/pages"}],"about":[{"href":"https:\/\/boutsdchoux.com\/eng\/wp-json\/wp\/v2\/types\/page"}],"author":[{"embeddable":true,"href":"https:\/\/boutsdchoux.com\/eng\/wp-json\/wp\/v2\/users\/1"}],"replies":[{"embeddable":true,"href":"https:\/\/boutsdchoux.com\/eng\/wp-json\/wp\/v2\/comments?post=1163"}],"version-history":[{"count":1,"href":"https:\/\/boutsdchoux.com\/eng\/wp-json\/wp\/v2\/pages\/1163\/revisions"}],"predecessor-version":[{"id":1165,"href":"https:\/\/boutsdchoux.com\/eng\/wp-json\/wp\/v2\/pages\/1163\/revisions\/1165"}],"wp:attachment":[{"href":"https:\/\/boutsdchoux.com\/eng\/wp-json\/wp\/v2\/media?parent=1163"}],"curies":[{"name":"wp","href":"https:\/\/api.w.org\/{rel}","templated":true}]}}